{"id":11,"date":"2025-12-21T10:28:44","date_gmt":"2025-12-21T10:28:44","guid":{"rendered":"https:\/\/agenciacoolmeia.com\/?page_id=11"},"modified":"2026-04-23T14:09:51","modified_gmt":"2026-04-23T14:09:51","slug":"sobre-nos","status":"publish","type":"page","link":"https:\/\/agenciacoolmeia.com\/en\/sobre-nos\/","title":{"rendered":"Sobre n\u00f3s"},"content":{"rendered":"<div data-elementor-type=\"wp-page\" data-elementor-id=\"11\" class=\"elementor elementor-11\">\n\t\t\t\t<div class=\"elementor-element elementor-element-c14964d e-con-full e-flex wpr-particle-no wpr-jarallax-no wpr-parallax-no wpr-sticky-section-no wpr-equal-height-no e-con e-parent\" data-id=\"c14964d\" data-element_type=\"container\" data-e-type=\"container\" data-settings=\"{&quot;background_background&quot;:&quot;classic&quot;,&quot;shape_divider_bottom&quot;:&quot;tilt&quot;}\">\n\t\t\t\t<div class=\"elementor-shape elementor-shape-bottom\" aria-hidden=\"true\" data-negative=\"false\">\n\t\t\t<svg xmlns=\"http:\/\/www.w3.org\/2000\/svg\" viewbox=\"0 0 1000 100\" preserveaspectratio=\"none\">\n\t<path class=\"elementor-shape-fill\" d=\"M0,6V0h1000v100L0,6z\"\/>\n<\/svg>\t\t<\/div>\n\t\t<div class=\"elementor-element elementor-element-2c29fee2 e-con-full e-flex wpr-particle-no wpr-jarallax-no wpr-parallax-no wpr-sticky-section-no wpr-equal-height-no e-con e-child\" data-id=\"2c29fee2\" data-element_type=\"container\" data-e-type=\"container\">\n\t\t\t\t<div class=\"elementor-element elementor-element-7ec621c0 elementor-widget elementor-widget-image\" data-id=\"7ec621c0\" data-element_type=\"widget\" data-e-type=\"widget\" data-widget_type=\"image.default\">\n\t\t\t\t\t\t\t\t\t\t\t\t\t\t\t<img decoding=\"async\" width=\"316\" height=\"114\" src=\"https:\/\/agenciacoolmeia.com\/wp-content\/uploads\/2026\/02\/Untitled-design.png\" class=\"attachment-full size-full wp-image-249\" alt=\"\" srcset=\"https:\/\/agenciacoolmeia.com\/wp-content\/uploads\/2026\/02\/Untitled-design.png 316w, https:\/\/agenciacoolmeia.com\/wp-content\/uploads\/2026\/02\/Untitled-design-300x108.png 300w\" sizes=\"(max-width: 316px) 100vw, 316px\" \/>\t\t\t\t\t\t\t\t\t\t\t\t\t\t\t<\/div>\n\t\t\t\t<div class=\"elementor-element elementor-element-a2fedc7 elementor-widget elementor-widget-text-editor\" data-id=\"a2fedc7\" data-element_type=\"widget\" data-e-type=\"widget\" data-widget_type=\"text-editor.default\">\n\t\t\t\t\t\t\t\t\t<p style=\"text-align: left;\"><span style=\"font-weight: 400;\">We create the fastest path between you and your audience.\u00a0<\/span><\/p><p style=\"text-align: left;\"><i><span style=\"font-weight: 400;\">Open letter to self-employed professionals and Brazilian entrepreneurs who <\/span><\/i><span style=\"color: #ff6600;\"><b><i>I have to go out of Brazil.<\/i><\/b><\/span><\/p><p style=\"text-align: left;\"><b><i><span style=\"font-weight: 400;\">In a few weeks, you will be able to use the<\/span><\/i><\/b><strong><i> <\/i><i><span style=\"color: #ff6600;\">Direct Conversion Funnel<\/span><\/i><\/strong><b><i><span style=\"font-weight: 400;\"> to multiply your revenue and become a leader in your niche.<\/span><\/i><\/b><\/p>\t\t\t\t\t\t\t\t<\/div>\n\t\t\t\t<div class=\"elementor-element elementor-element-336ffb5b elementor-align-center elementor-widget elementor-widget-button\" data-id=\"336ffb5b\" data-element_type=\"widget\" data-e-type=\"widget\" data-widget_type=\"button.default\">\n\t\t\t\t\t\t\t\t\t\t<a class=\"elementor-button elementor-button-link elementor-size-sm elementor-animation-grow\" href=\"https:\/\/agenciacoolmeia.com\/en\/quillforms\/formulario-agenciacoolmeia-igaming\/\" target=\"_blank\">\n\t\t\t\t\t\t<span class=\"elementor-button-content-wrapper\">\n\t\t\t\t\t\t\t\t\t<span class=\"elementor-button-text\">I WANT TO SELL MORE!<\/span>\n\t\t\t\t\t<\/span>\n\t\t\t\t\t<\/a>\n\t\t\t\t\t\t\t\t<\/div>\n\t\t\t\t<\/div>\n\t\t\t\t<\/div>\n\t\t<div class=\"elementor-element elementor-element-4a4bffbf e-flex e-con-boxed wpr-particle-no wpr-jarallax-no wpr-parallax-no wpr-sticky-section-no wpr-equal-height-no e-con e-parent\" data-id=\"4a4bffbf\" data-element_type=\"container\" data-e-type=\"container\" data-settings=\"{&quot;background_background&quot;:&quot;classic&quot;}\">\n\t\t\t\t\t<div class=\"e-con-inner\">\n\t\t\t\t<div class=\"elementor-element elementor-element-1c8f4ab0 elementor-widget elementor-widget-heading\" data-id=\"1c8f4ab0\" data-element_type=\"widget\" data-e-type=\"widget\" data-widget_type=\"heading.default\">\n\t\t\t\t\t<h2 class=\"elementor-heading-title elementor-size-default\"><span style=\"color: #ff5b14\"><strong>Profissionais liberais<\/strong><\/span> e empreendedores brasileiros que moram fora do Brasil e querem vender mais, precisam saber disso.\n<\/h2>\t\t\t\t<\/div>\n\t\t\t\t<div class=\"elementor-element elementor-element-4f6638b9 elementor-widget__width-initial elementor-widget elementor-widget-text-editor\" data-id=\"4f6638b9\" data-element_type=\"widget\" data-e-type=\"widget\" data-widget_type=\"text-editor.default\">\n\t\t\t\t\t\t\t\t\t<p><span style=\"font-weight: 400;\">Over the last 8 years, we have helped many entrepreneurs increase their turnover exponentially by creating funnels and campaigns that sell every day.<\/span><\/p><p><span style=\"font-weight: 400;\">We operate in more than 30 niches, have created hundreds of sales campaigns in Europe, Brazil and Latin America and have driven more than 20 million in sales.<\/span><\/p><p><span style=\"font-weight: 400;\">Today, our focus is on helping Brazilians living abroad to become references in the digital world, attracting the right customers without relying solely on word of mouth. To build strong brands and sell every day, regardless of the country, language or audience.<\/span><\/p>\t\t\t\t\t\t\t\t<\/div>\n\t\t\t\t<div class=\"elementor-element elementor-element-738c5fda elementor-widget__width-initial elementor-widget elementor-widget-heading\" data-id=\"738c5fda\" data-element_type=\"widget\" data-e-type=\"widget\" data-widget_type=\"heading.default\">\n\t\t\t\t\t<h2 class=\"elementor-heading-title elementor-size-default\">Wanna chat?<\/h2>\t\t\t\t<\/div>\n\t\t\t\t<div class=\"elementor-element elementor-element-b778aee elementor-align-center elementor-widget elementor-widget-button\" data-id=\"b778aee\" data-element_type=\"widget\" data-e-type=\"widget\" data-widget_type=\"button.default\">\n\t\t\t\t\t\t\t\t\t\t<a class=\"elementor-button elementor-button-link elementor-size-sm elementor-animation-grow\" href=\"https:\/\/agenciacoolmeia.com\/en\/quillforms\/formulario-agenciacoolmeia-igaming\/\" target=\"_blank\">\n\t\t\t\t\t\t<span class=\"elementor-button-content-wrapper\">\n\t\t\t\t\t\t\t\t\t<span class=\"elementor-button-text\">I WANT TO SELL MORE!<\/span>\n\t\t\t\t\t<\/span>\n\t\t\t\t\t<\/a>\n\t\t\t\t\t\t\t\t<\/div>\n\t\t\t\t\t<\/div>\n\t\t\t\t<\/div>\n\t\t<div class=\"elementor-element elementor-element-41b94be2 e-flex e-con-boxed wpr-particle-no wpr-jarallax-no wpr-parallax-no wpr-sticky-section-no wpr-equal-height-no e-con e-parent\" data-id=\"41b94be2\" data-element_type=\"container\" data-e-type=\"container\" data-settings=\"{&quot;background_background&quot;:&quot;classic&quot;,&quot;shape_divider_bottom&quot;:&quot;opacity-fan&quot;}\">\n\t\t\t\t\t<div class=\"e-con-inner\">\n\t\t\t\t<div class=\"elementor-shape elementor-shape-bottom\" aria-hidden=\"true\" data-negative=\"false\">\n\t\t\t<svg xmlns=\"http:\/\/www.w3.org\/2000\/svg\" viewbox=\"0 0 283.5 19.6\" preserveaspectratio=\"none\">\n\t<path class=\"elementor-shape-fill\" style=\"opacity:0.33\" d=\"M0 0L0 18.8 141.8 4.1 283.5 18.8 283.5 0z\"\/>\n\t<path class=\"elementor-shape-fill\" style=\"opacity:0.33\" d=\"M0 0L0 12.6 141.8 4 283.5 12.6 283.5 0z\"\/>\n\t<path class=\"elementor-shape-fill\" style=\"opacity:0.33\" d=\"M0 0L0 6.4 141.8 4 283.5 6.4 283.5 0z\"\/>\n\t<path class=\"elementor-shape-fill\" d=\"M0 0L0 1.2 141.8 4 283.5 1.2 283.5 0z\"\/>\n<\/svg>\t\t<\/div>\n\t\t\t\t<div class=\"elementor-element elementor-element-788124d elementor-widget elementor-widget-heading\" data-id=\"788124d\" data-element_type=\"widget\" data-e-type=\"widget\" data-widget_type=\"heading.default\">\n\t\t\t\t\t<h2 class=\"elementor-heading-title elementor-size-default translation-block\">If your product or service is of good <strong>quality<\/strong>, the problem with low sales is something else entirely\u2026<\/h2>\t\t\t\t<\/div>\n\t\t\t\t<div class=\"elementor-element elementor-element-2200f4f6 elementor-widget elementor-widget-text-editor\" data-id=\"2200f4f6\" data-element_type=\"widget\" data-e-type=\"widget\" data-widget_type=\"text-editor.default\">\n\t\t\t\t\t\t\t\t\t<p><span style=\"font-weight: 400;\">And I assure you, it's not your fault.<\/span><\/p><p><span style=\"font-weight: 400;\">Only those who are entrepreneurs understand the weight of carrying a business on their backs, being the CEO, the financial officer, HR, taking care of customer service, marketing... all at the same time.<\/span><\/p><p><span style=\"font-weight: 400;\">Ningu\u00e9m consegue ser excelente em tudo. Mas \u00e9 a\u00ed que entramos: para cuidar do seu marketing com estrat\u00e9gia, consist\u00eancia e excel\u00eancia.<\/span><\/p><p><span style=\"font-weight: 400;\">So you can sell more, have more freedom, and see your business grow non-stop.<\/span><\/p>\t\t\t\t\t\t\t\t<\/div>\n\t\t<div class=\"elementor-element elementor-element-ee0447d e-con-full e-grid wpr-particle-no wpr-jarallax-no wpr-parallax-no wpr-sticky-section-no wpr-equal-height-no e-con e-child\" data-id=\"ee0447d\" data-element_type=\"container\" data-e-type=\"container\">\n\t\t\t\t<div class=\"elementor-element elementor-element-3fcd71c elementor-widget elementor-widget-text-editor\" data-id=\"3fcd71c\" data-element_type=\"widget\" data-e-type=\"widget\" data-widget_type=\"text-editor.default\">\n\t\t\t\t\t\t\t\t\t<p>\u00a0<\/p><p>\u00a0<\/p><p style=\"text-align: center;\"><span style=\"background-color: transparent;\">You will have a persuasive communication aligned with your audience, entering the mind and touching the heart, showing the real value of what you sell.<\/span><\/p>\t\t\t\t\t\t\t\t<\/div>\n\t\t\t\t<div class=\"elementor-element elementor-element-0f1b2d8 elementor-widget elementor-widget-text-editor\" data-id=\"0f1b2d8\" data-element_type=\"widget\" data-e-type=\"widget\" data-widget_type=\"text-editor.default\">\n\t\t\t\t\t\t\t\t\t<p style=\"text-align: center;\">\u00a0<\/p><p style=\"text-align: center;\"><span style=\"font-weight: 400;\">\u00a0Your content will engage, captivate and reinforce your authority, making people remember you and choose your business.<\/span><\/p>\t\t\t\t\t\t\t\t<\/div>\n\t\t\t\t<div class=\"elementor-element elementor-element-5c05332 elementor-widget elementor-widget-text-editor\" data-id=\"5c05332\" data-element_type=\"widget\" data-e-type=\"widget\" data-widget_type=\"text-editor.default\">\n\t\t\t\t\t\t\t\t\t<p style=\"text-align: center;\">\u00a0<\/p><p style=\"text-align: center;\"><span style=\"font-weight: 400;\">Your brand will be present to all the people who could become your customers, with a clear and objective message, generating desire and, consequently, many sales.<\/span><\/p>\t\t\t\t\t\t\t\t<\/div>\n\t\t\t\t<div class=\"elementor-element elementor-element-9b2418e elementor-widget elementor-widget-text-editor\" data-id=\"9b2418e\" data-element_type=\"widget\" data-e-type=\"widget\" data-widget_type=\"text-editor.default\">\n\t\t\t\t\t\t\t\t\t<p>\u00a0<\/p><p style=\"text-align: center;\">\u00a0<span style=\"font-weight: 400;\">More than a logo, you can have a brand that is admired, recognized and remembered as a reference, generating trust and speeding up the sales process.<\/span><\/p><p>\u00a0<\/p>\t\t\t\t\t\t\t\t<\/div>\n\t\t\t\t<\/div>\n\t\t\t\t<div class=\"elementor-element elementor-element-bb18cc elementor-align-center elementor-widget elementor-widget-button\" data-id=\"bb18cc\" data-element_type=\"widget\" data-e-type=\"widget\" data-widget_type=\"button.default\">\n\t\t\t\t\t\t\t\t\t\t<a class=\"elementor-button elementor-button-link elementor-size-sm elementor-animation-grow\" href=\"https:\/\/agenciacoolmeia.com\/en\/quillforms\/formulario-agenciacoolmeia-igaming\/\" target=\"_blank\">\n\t\t\t\t\t\t<span class=\"elementor-button-content-wrapper\">\n\t\t\t\t\t\t\t\t\t<span class=\"elementor-button-text\">I WANT TO SELL MORE!<\/span>\n\t\t\t\t\t<\/span>\n\t\t\t\t\t<\/a>\n\t\t\t\t\t\t\t\t<\/div>\n\t\t\t\t\t<\/div>\n\t\t\t\t<\/div>\n\t\t\t\t<\/div>","protected":false},"excerpt":{"rendered":"<p>Criamos o caminho mais r\u00e1pido entre voc\u00ea e a sua audi\u00eancia.\u00a0 Carta aberta para profissionais liberais e empreendedores\u00a0 brasileiros que moram fora do Brasil. Em poucas semanas, voc\u00ea poder\u00e1 usar o Funil de Convers\u00e3o Direta para multiplicar o seu faturamento e se tornar uma refer\u00eancia no seu nicho. QUERO VENDER MAIS! Profissionais liberais e empreendedores brasileiros que moram fora do Brasil e querem vender mais, precisam saber disso. Nos \u00faltimos 8 anos, ajudamos muitos empreendedores a aumentarem seu faturamento de forma exponencial, atrav\u00e9s da cria\u00e7\u00e3o de funis e campanhas que vendem todos os dias. Atuamos em mais de 30 nichos, criamos centenas de campanhas de vendas na Europa, Brasil e Am\u00e9rica Latina e impulsionamos mais de 20 milh\u00f5es em vendas. Hoje, o nosso foco \u00e9 ajudar brasileiros que moram fora a se tornarem refer\u00eancias no mundo digital, atraindo os clientes certos sem depender apenas do boca a boca. Para construir marcas fortes e vender todos os dias, independente do pa\u00eds, do idioma ou do p\u00fablico. Vamos bater um papo? QUERO VENDER MAIS! Se o seu produto ou servi\u00e7o tem qualidade, o problema de voc\u00ea vender pouco \u00e9 outro\u2026 E eu te garanto, a culpa n\u00e3o \u00e9 sua. S\u00f3 quem empreende entende o peso de carregar um neg\u00f3cio nas costas, ser o CEO, o financeiro, o RH, cuidar do atendimento, do marketing&#8230; tudo ao mesmo tempo. Ningu\u00e9m consegue ser excelente em tudo. Mas \u00e9 a\u00ed que entramos: para cuidar do seu marketing com estrat\u00e9gia, consist\u00eancia e excel\u00eancia. Pra que voc\u00ea possa vender mais, ter mais liberdade e ver o seu neg\u00f3cio crescer sem parar. \u00a0 \u00a0 Voc\u00ea ter\u00e1 uma comunica\u00e7\u00e3o persuasiva e alinhada com a sua audi\u00eancia, entrando na mente e tocando no cora\u00e7\u00e3o, mostrando o real valor do que voc\u00ea vende. \u00a0 \u00a0Seu conte\u00fado vai envolver, cativar e refor\u00e7ar a sua autoridade, fazendo as pessoas lembrarem de voc\u00ea e escolherem o seu neg\u00f3cio. \u00a0 Sua marca estar\u00e1 presente para todas as pessoas que possam se tornar seus clientes, com uma mensagem clara e objetiva, gerando desejo e consequentemente, muitas vendas. \u00a0 \u00a0Mais do que um logotipo, voc\u00ea pode ter uma marca que \u00e9 admirada, reconhecida e lembrada como refer\u00eancia, gerando confian\u00e7a e acelerando o processo de vendas. \u00a0 QUERO VENDER MAIS!<\/p>","protected":false},"author":1,"featured_media":0,"parent":0,"menu_order":0,"comment_status":"closed","ping_status":"closed","template":"elementor_header_footer","meta":{"footnotes":""},"class_list":["post-11","page","type-page","status-publish","hentry"],"_links":{"self":[{"href":"https:\/\/agenciacoolmeia.com\/en\/wp-json\/wp\/v2\/pages\/11","targetHints":{"allow":["GET"]}}],"collection":[{"href":"https:\/\/agenciacoolmeia.com\/en\/wp-json\/wp\/v2\/pages"}],"about":[{"href":"https:\/\/agenciacoolmeia.com\/en\/wp-json\/wp\/v2\/types\/page"}],"author":[{"embeddable":true,"href":"https:\/\/agenciacoolmeia.com\/en\/wp-json\/wp\/v2\/users\/1"}],"replies":[{"embeddable":true,"href":"https:\/\/agenciacoolmeia.com\/en\/wp-json\/wp\/v2\/comments?post=11"}],"version-history":[{"count":28,"href":"https:\/\/agenciacoolmeia.com\/en\/wp-json\/wp\/v2\/pages\/11\/revisions"}],"predecessor-version":[{"id":892,"href":"https:\/\/agenciacoolmeia.com\/en\/wp-json\/wp\/v2\/pages\/11\/revisions\/892"}],"wp:attachment":[{"href":"https:\/\/agenciacoolmeia.com\/en\/wp-json\/wp\/v2\/media?parent=11"}],"curies":[{"name":"wp","href":"https:\/\/api.w.org\/{rel}","templated":true}]}}